{"id":664,"date":"2025-03-26T08:54:21","date_gmt":"2025-03-26T08:54:21","guid":{"rendered":"https:\/\/www.mgfiltri.it\/productos\/"},"modified":"2025-05-15T08:04:12","modified_gmt":"2025-05-15T08:04:12","slug":"productos","status":"publish","type":"page","link":"https:\/\/www.mgfiltri.it\/es\/productos\/","title":{"rendered":"Productos"},"content":{"rendered":"\t\t<div data-elementor-type=\"wp-page\" data-elementor-id=\"664\" class=\"elementor elementor-664 elementor-17\" data-elementor-post-type=\"page\">\n\t\t\t\t<div class=\"elementor-element elementor-element-460be11 e-flex e-con-boxed e-con e-parent\" data-id=\"460be11\" data-element_type=\"container\" data-e-type=\"container\" data-settings=\"{&quot;background_background&quot;:&quot;slideshow&quot;,&quot;background_slideshow_gallery&quot;:[{&quot;id&quot;:106,&quot;url&quot;:&quot;https:\\\/\\\/www.mgfiltri.it\\\/wp-content\\\/uploads\\\/2025\\\/03\\\/R6AT6583-pao-scaled.jpg&quot;},{&quot;id&quot;:433,&quot;url&quot;:&quot;https:\\\/\\\/www.mgfiltri.it\\\/wp-content\\\/uploads\\\/2025\\\/04\\\/R6AT6778-Modifica-scaled.jpg&quot;},{&quot;id&quot;:112,&quot;url&quot;:&quot;https:\\\/\\\/www.mgfiltri.it\\\/wp-content\\\/uploads\\\/2025\\\/03\\\/R6AT6811-Modifica-1-scaled.jpg&quot;}],&quot;background_slideshow_loop&quot;:&quot;yes&quot;,&quot;background_slideshow_slide_duration&quot;:5000,&quot;background_slideshow_slide_transition&quot;:&quot;fade&quot;,&quot;background_slideshow_transition_duration&quot;:500}\">\n\t\t\t\t\t<div class=\"e-con-inner\">\n\t\t\t\t\t<\/div>\n\t\t\t\t<\/div>\n\t\t<div class=\"elementor-element elementor-element-7e3fc45 e-flex e-con-boxed e-con e-parent\" data-id=\"7e3fc45\" data-element_type=\"container\" data-e-type=\"container\">\n\t\t\t\t\t<div class=\"e-con-inner\">\n\t\t\t\t<div class=\"elementor-element elementor-element-e80654b elementor-widget elementor-widget-heading\" data-id=\"e80654b\" data-element_type=\"widget\" data-e-type=\"widget\" data-widget_type=\"heading.default\">\n\t\t\t\t<div class=\"elementor-widget-container\">\n\t\t\t\t\t<h2 class=\"elementor-heading-title elementor-size-default\">NUESTROS PRODUCTOS<\/h2>\t\t\t\t<\/div>\n\t\t\t\t<\/div>\n\t\t\t\t\t<\/div>\n\t\t\t\t<\/div>\n\t\t<div class=\"elementor-element elementor-element-125e203 e-flex e-con-boxed e-con e-parent\" data-id=\"125e203\" data-element_type=\"container\" data-e-type=\"container\">\n\t\t\t\t\t<div class=\"e-con-inner\">\n\t\t<a class=\"elementor-element elementor-element-b6e08d4 e-con-full e-flex e-con e-child\" data-id=\"b6e08d4\" data-element_type=\"container\" data-e-type=\"container\" href=\"https:\/\/www.mgfiltri.it\/mgfabrics\/\">\n\t\t\t\t<div class=\"elementor-element elementor-element-c39dfc0 elementor-widget elementor-widget-image\" data-id=\"c39dfc0\" data-element_type=\"widget\" data-e-type=\"widget\" data-widget_type=\"image.default\">\n\t\t\t\t<div class=\"elementor-widget-container\">\n\t\t\t\t\t\t\t\t\t\t\t\t\t\t\t<img fetchpriority=\"high\" decoding=\"async\" width=\"2560\" height=\"1706\" src=\"https:\/\/www.mgfiltri.it\/wp-content\/uploads\/2025\/03\/R6AT7338-Modifica-scaled.jpg\" class=\"attachment-large size-large wp-image-552\" alt=\"\" srcset=\"https:\/\/www.mgfiltri.it\/wp-content\/uploads\/2025\/03\/R6AT7338-Modifica-scaled.jpg 2560w, https:\/\/www.mgfiltri.it\/wp-content\/uploads\/2025\/03\/R6AT7338-Modifica-768x512.jpg 768w, https:\/\/www.mgfiltri.it\/wp-content\/uploads\/2025\/03\/R6AT7338-Modifica-1536x1024.jpg 1536w, https:\/\/www.mgfiltri.it\/wp-content\/uploads\/2025\/03\/R6AT7338-Modifica-2048x1365.jpg 2048w\" sizes=\"(max-width: 2560px) 100vw, 2560px\" \/>\t\t\t\t\t\t\t\t\t\t\t\t\t\t\t<\/div>\n\t\t\t\t<\/div>\n\t\t<div class=\"elementor-element elementor-element-4ed6c2b e-con-full e-flex e-con e-child\" data-id=\"4ed6c2b\" data-element_type=\"container\" data-e-type=\"container\" data-settings=\"{&quot;background_background&quot;:&quot;classic&quot;}\">\n\t\t\t\t<div class=\"elementor-element elementor-element-53128a8 elementor-widget elementor-widget-text-editor\" data-id=\"53128a8\" data-element_type=\"widget\" data-e-type=\"widget\" data-widget_type=\"text-editor.default\">\n\t\t\t\t<div class=\"elementor-widget-container\">\n\t\t\t\t\t\t\t\t\t<p>MGFABRICS<\/p>\n\t\t\t\t\t\t\t\t<\/div>\n\t\t\t\t<\/div>\n\t\t\t\t<div class=\"elementor-element elementor-element-dce7db8 elementor-widget elementor-widget-text-editor\" data-id=\"dce7db8\" data-element_type=\"widget\" data-e-type=\"widget\" data-widget_type=\"text-editor.default\">\n\t\t\t\t<div class=\"elementor-widget-container\">\n\t\t\t\t\t\t\t\t\t<p>Tejidos t\u00e9cnicos para filtraci\u00f3n<\/p>\n\t\t\t\t\t\t\t\t<\/div>\n\t\t\t\t<\/div>\n\t\t\t\t<\/div>\n\t\t\t\t<\/a>\n\t\t<a class=\"elementor-element elementor-element-a8e66ac e-con-full e-flex e-con e-child\" data-id=\"a8e66ac\" data-element_type=\"container\" data-e-type=\"container\" href=\"https:\/\/www.mgfiltri.it\/mgfabrics\/#rolls\">\n\t\t\t\t<div class=\"elementor-element elementor-element-a5edd8c elementor-widget elementor-widget-image\" data-id=\"a5edd8c\" data-element_type=\"widget\" data-e-type=\"widget\" data-widget_type=\"image.default\">\n\t\t\t\t<div class=\"elementor-widget-container\">\n\t\t\t\t\t\t\t\t\t\t\t\t\t\t\t<img decoding=\"async\" width=\"2560\" height=\"1706\" src=\"https:\/\/www.mgfiltri.it\/wp-content\/uploads\/2025\/03\/R6AT6669-Modifica-scaled.jpg\" class=\"attachment-large size-large wp-image-546\" alt=\"\" srcset=\"https:\/\/www.mgfiltri.it\/wp-content\/uploads\/2025\/03\/R6AT6669-Modifica-scaled.jpg 2560w, https:\/\/www.mgfiltri.it\/wp-content\/uploads\/2025\/03\/R6AT6669-Modifica-768x512.jpg 768w, https:\/\/www.mgfiltri.it\/wp-content\/uploads\/2025\/03\/R6AT6669-Modifica-1536x1024.jpg 1536w, https:\/\/www.mgfiltri.it\/wp-content\/uploads\/2025\/03\/R6AT6669-Modifica-2048x1365.jpg 2048w\" sizes=\"(max-width: 2560px) 100vw, 2560px\" \/>\t\t\t\t\t\t\t\t\t\t\t\t\t\t\t<\/div>\n\t\t\t\t<\/div>\n\t\t<div class=\"elementor-element elementor-element-0528901 e-con-full e-flex e-con e-child\" data-id=\"0528901\" data-element_type=\"container\" data-e-type=\"container\" data-settings=\"{&quot;background_background&quot;:&quot;classic&quot;}\">\n\t\t\t\t<div class=\"elementor-element elementor-element-b65f442 elementor-widget elementor-widget-text-editor\" data-id=\"b65f442\" data-element_type=\"widget\" data-e-type=\"widget\" data-widget_type=\"text-editor.default\">\n\t\t\t\t<div class=\"elementor-widget-container\">\n\t\t\t\t\t\t\t\t\t<p>MGROLLS<\/p>\n\t\t\t\t\t\t\t\t<\/div>\n\t\t\t\t<\/div>\n\t\t\t\t<div class=\"elementor-element elementor-element-55a4b7c elementor-widget elementor-widget-text-editor\" data-id=\"55a4b7c\" data-element_type=\"widget\" data-e-type=\"widget\" data-widget_type=\"text-editor.default\">\n\t\t\t\t<div class=\"elementor-widget-container\">\n\t\t\t\t\t\t\t\t\t<p>Tejidos en rollo<\/p>\n\t\t\t\t\t\t\t\t<\/div>\n\t\t\t\t<\/div>\n\t\t\t\t<\/div>\n\t\t\t\t<\/a>\n\t\t<a class=\"elementor-element elementor-element-e852b45 e-con-full e-flex e-con e-child\" data-id=\"e852b45\" data-element_type=\"container\" data-e-type=\"container\" href=\"https:\/\/www.mgfiltri.it\/mgcartridges\/\">\n\t\t\t\t<div class=\"elementor-element elementor-element-af4b400 elementor-widget elementor-widget-image\" data-id=\"af4b400\" data-element_type=\"widget\" data-e-type=\"widget\" data-widget_type=\"image.default\">\n\t\t\t\t<div class=\"elementor-widget-container\">\n\t\t\t\t\t\t\t\t\t\t\t\t\t\t\t<img decoding=\"async\" width=\"2560\" height=\"1706\" src=\"https:\/\/www.mgfiltri.it\/wp-content\/uploads\/2025\/03\/R6AT6688-Modifica-scaled.jpg\" class=\"attachment-large size-large wp-image-548\" alt=\"\" srcset=\"https:\/\/www.mgfiltri.it\/wp-content\/uploads\/2025\/03\/R6AT6688-Modifica-scaled.jpg 2560w, https:\/\/www.mgfiltri.it\/wp-content\/uploads\/2025\/03\/R6AT6688-Modifica-768x512.jpg 768w, https:\/\/www.mgfiltri.it\/wp-content\/uploads\/2025\/03\/R6AT6688-Modifica-1536x1024.jpg 1536w, https:\/\/www.mgfiltri.it\/wp-content\/uploads\/2025\/03\/R6AT6688-Modifica-2048x1365.jpg 2048w\" sizes=\"(max-width: 2560px) 100vw, 2560px\" \/>\t\t\t\t\t\t\t\t\t\t\t\t\t\t\t<\/div>\n\t\t\t\t<\/div>\n\t\t<div class=\"elementor-element elementor-element-1b8a984 e-con-full e-flex e-con e-child\" data-id=\"1b8a984\" data-element_type=\"container\" data-e-type=\"container\" data-settings=\"{&quot;background_background&quot;:&quot;classic&quot;}\">\n\t\t\t\t<div class=\"elementor-element elementor-element-c5eac5c elementor-widget elementor-widget-text-editor\" data-id=\"c5eac5c\" data-element_type=\"widget\" data-e-type=\"widget\" data-widget_type=\"text-editor.default\">\n\t\t\t\t<div class=\"elementor-widget-container\">\n\t\t\t\t\t\t\t\t\t<p>MGCARTRIDGES<\/p>\n\t\t\t\t\t\t\t\t<\/div>\n\t\t\t\t<\/div>\n\t\t\t\t<div class=\"elementor-element elementor-element-a6a02af elementor-widget elementor-widget-text-editor\" data-id=\"a6a02af\" data-element_type=\"widget\" data-e-type=\"widget\" data-widget_type=\"text-editor.default\">\n\t\t\t\t<div class=\"elementor-widget-container\">\n\t\t\t\t\t\t\t\t\t<p>Cartuchos para filtraci\u00f3n de l\u00edquidos<\/p>\n\t\t\t\t\t\t\t\t<\/div>\n\t\t\t\t<\/div>\n\t\t\t\t<\/div>\n\t\t\t\t<\/a>\n\t\t<a class=\"elementor-element elementor-element-36d3e87 e-con-full e-flex e-con e-child\" data-id=\"36d3e87\" data-element_type=\"container\" data-e-type=\"container\" href=\"https:\/\/www.mgfiltri.it\/mgfabrics\/#tubes\">\n\t\t\t\t<div class=\"elementor-element elementor-element-b469513 elementor-widget elementor-widget-image\" data-id=\"b469513\" data-element_type=\"widget\" data-e-type=\"widget\" data-widget_type=\"image.default\">\n\t\t\t\t<div class=\"elementor-widget-container\">\n\t\t\t\t\t\t\t\t\t\t\t\t\t\t\t<img loading=\"lazy\" decoding=\"async\" width=\"2560\" height=\"1706\" src=\"https:\/\/www.mgfiltri.it\/wp-content\/uploads\/2025\/03\/R6AT6702-Modifica-scaled.jpg\" class=\"attachment-large size-large wp-image-556\" alt=\"\" srcset=\"https:\/\/www.mgfiltri.it\/wp-content\/uploads\/2025\/03\/R6AT6702-Modifica-scaled.jpg 2560w, https:\/\/www.mgfiltri.it\/wp-content\/uploads\/2025\/03\/R6AT6702-Modifica-768x512.jpg 768w, https:\/\/www.mgfiltri.it\/wp-content\/uploads\/2025\/03\/R6AT6702-Modifica-1536x1024.jpg 1536w, https:\/\/www.mgfiltri.it\/wp-content\/uploads\/2025\/03\/R6AT6702-Modifica-2048x1365.jpg 2048w\" sizes=\"(max-width: 2560px) 100vw, 2560px\" \/>\t\t\t\t\t\t\t\t\t\t\t\t\t\t\t<\/div>\n\t\t\t\t<\/div>\n\t\t<div class=\"elementor-element elementor-element-75148fe e-con-full e-flex e-con e-child\" data-id=\"75148fe\" data-element_type=\"container\" data-e-type=\"container\" data-settings=\"{&quot;background_background&quot;:&quot;classic&quot;}\">\n\t\t\t\t<div class=\"elementor-element elementor-element-e1d70c4 elementor-widget elementor-widget-text-editor\" data-id=\"e1d70c4\" data-element_type=\"widget\" data-e-type=\"widget\" data-widget_type=\"text-editor.default\">\n\t\t\t\t<div class=\"elementor-widget-container\">\n\t\t\t\t\t\t\t\t\t<p>MGTUBES<\/p>\n\t\t\t\t\t\t\t\t<\/div>\n\t\t\t\t<\/div>\n\t\t\t\t<div class=\"elementor-element elementor-element-a870d07 elementor-widget elementor-widget-text-editor\" data-id=\"a870d07\" data-element_type=\"widget\" data-e-type=\"widget\" data-widget_type=\"text-editor.default\">\n\t\t\t\t<div class=\"elementor-widget-container\">\n\t\t\t\t\t\t\t\t\t<p>Tejidos tubulares<\/p>\n\t\t\t\t\t\t\t\t<\/div>\n\t\t\t\t<\/div>\n\t\t\t\t<\/div>\n\t\t\t\t<\/a>\n\t\t<div class=\"elementor-element elementor-element-5334d46 e-con-full elementor-hidden-mobile e-flex e-con e-child\" data-id=\"5334d46\" data-element_type=\"container\" data-e-type=\"container\">\n\t\t\t\t<div class=\"elementor-element elementor-element-1627cae elementor-widget elementor-widget-image\" data-id=\"1627cae\" data-element_type=\"widget\" data-e-type=\"widget\" data-widget_type=\"image.default\">\n\t\t\t\t<div class=\"elementor-widget-container\">\n\t\t\t\t\t\t\t\t\t\t\t\t\t\t\t<img loading=\"lazy\" decoding=\"async\" width=\"453\" height=\"306\" src=\"https:\/\/www.mgfiltri.it\/wp-content\/uploads\/2025\/03\/logoMGfiltri.png\" class=\"attachment-large size-large wp-image-514\" alt=\"\" \/>\t\t\t\t\t\t\t\t\t\t\t\t\t\t\t<\/div>\n\t\t\t\t<\/div>\n\t\t\t\t<\/div>\n\t\t<a class=\"elementor-element elementor-element-c91eeab e-con-full e-flex e-con e-child\" data-id=\"c91eeab\" data-element_type=\"container\" data-e-type=\"container\" href=\"https:\/\/www.mgfiltri.it\/mgfabrics\/#bags\">\n\t\t\t\t<div class=\"elementor-element elementor-element-dd79013 elementor-widget elementor-widget-image\" data-id=\"dd79013\" data-element_type=\"widget\" data-e-type=\"widget\" data-widget_type=\"image.default\">\n\t\t\t\t<div class=\"elementor-widget-container\">\n\t\t\t\t\t\t\t\t\t\t\t\t\t\t\t<img loading=\"lazy\" decoding=\"async\" width=\"2560\" height=\"1706\" src=\"https:\/\/www.mgfiltri.it\/wp-content\/uploads\/2025\/03\/R6AT6586-Modifica-scaled.jpg\" class=\"attachment-large size-large wp-image-554\" alt=\"\" srcset=\"https:\/\/www.mgfiltri.it\/wp-content\/uploads\/2025\/03\/R6AT6586-Modifica-scaled.jpg 2560w, https:\/\/www.mgfiltri.it\/wp-content\/uploads\/2025\/03\/R6AT6586-Modifica-768x512.jpg 768w, https:\/\/www.mgfiltri.it\/wp-content\/uploads\/2025\/03\/R6AT6586-Modifica-1536x1024.jpg 1536w, https:\/\/www.mgfiltri.it\/wp-content\/uploads\/2025\/03\/R6AT6586-Modifica-2048x1365.jpg 2048w\" sizes=\"(max-width: 2560px) 100vw, 2560px\" \/>\t\t\t\t\t\t\t\t\t\t\t\t\t\t\t<\/div>\n\t\t\t\t<\/div>\n\t\t<div class=\"elementor-element elementor-element-ba107b5 e-con-full e-flex e-con e-child\" data-id=\"ba107b5\" data-element_type=\"container\" data-e-type=\"container\" data-settings=\"{&quot;background_background&quot;:&quot;classic&quot;}\">\n\t\t\t\t<div class=\"elementor-element elementor-element-3cec22b elementor-widget elementor-widget-text-editor\" data-id=\"3cec22b\" data-element_type=\"widget\" data-e-type=\"widget\" data-widget_type=\"text-editor.default\">\n\t\t\t\t<div class=\"elementor-widget-container\">\n\t\t\t\t\t\t\t\t\t<p>MGBAGS<\/p>\n\t\t\t\t\t\t\t\t<\/div>\n\t\t\t\t<\/div>\n\t\t\t\t<div class=\"elementor-element elementor-element-762189e elementor-widget elementor-widget-text-editor\" data-id=\"762189e\" data-element_type=\"widget\" data-e-type=\"widget\" data-widget_type=\"text-editor.default\">\n\t\t\t\t<div class=\"elementor-widget-container\">\n\t\t\t\t\t\t\t\t\t<p>Bolsas de filtro<\/p>\n\t\t\t\t\t\t\t\t<\/div>\n\t\t\t\t<\/div>\n\t\t\t\t<\/div>\n\t\t\t\t<\/a>\n\t\t<a class=\"elementor-element elementor-element-c89a3e2 e-con-full e-flex e-con e-child\" data-id=\"c89a3e2\" data-element_type=\"container\" data-e-type=\"container\" href=\"https:\/\/www.mgfiltri.it\/mgpowder\/\">\n\t\t\t\t<div class=\"elementor-element elementor-element-0c75831 elementor-widget elementor-widget-image\" data-id=\"0c75831\" data-element_type=\"widget\" data-e-type=\"widget\" data-widget_type=\"image.default\">\n\t\t\t\t<div class=\"elementor-widget-container\">\n\t\t\t\t\t\t\t\t\t\t\t\t\t\t\t<img loading=\"lazy\" decoding=\"async\" width=\"2560\" height=\"1706\" src=\"https:\/\/www.mgfiltri.it\/wp-content\/uploads\/2025\/03\/DSC_1913pao-1-scaled.jpg\" class=\"attachment-large size-large wp-image-558\" alt=\"\" srcset=\"https:\/\/www.mgfiltri.it\/wp-content\/uploads\/2025\/03\/DSC_1913pao-1-scaled.jpg 2560w, https:\/\/www.mgfiltri.it\/wp-content\/uploads\/2025\/03\/DSC_1913pao-1-768x512.jpg 768w, https:\/\/www.mgfiltri.it\/wp-content\/uploads\/2025\/03\/DSC_1913pao-1-1536x1024.jpg 1536w, https:\/\/www.mgfiltri.it\/wp-content\/uploads\/2025\/03\/DSC_1913pao-1-2048x1365.jpg 2048w\" sizes=\"(max-width: 2560px) 100vw, 2560px\" \/>\t\t\t\t\t\t\t\t\t\t\t\t\t\t\t<\/div>\n\t\t\t\t<\/div>\n\t\t<div class=\"elementor-element elementor-element-9f9654b e-con-full e-flex e-con e-child\" data-id=\"9f9654b\" data-element_type=\"container\" data-e-type=\"container\" data-settings=\"{&quot;background_background&quot;:&quot;classic&quot;}\">\n\t\t\t\t<div class=\"elementor-element elementor-element-b17d744 elementor-widget elementor-widget-text-editor\" data-id=\"b17d744\" data-element_type=\"widget\" data-e-type=\"widget\" data-widget_type=\"text-editor.default\">\n\t\t\t\t<div class=\"elementor-widget-container\">\n\t\t\t\t\t\t\t\t\t<p>MGPOWDER<\/p>\n\t\t\t\t\t\t\t\t<\/div>\n\t\t\t\t<\/div>\n\t\t\t\t<div class=\"elementor-element elementor-element-1caf526 elementor-widget elementor-widget-text-editor\" data-id=\"1caf526\" data-element_type=\"widget\" data-e-type=\"widget\" data-widget_type=\"text-editor.default\">\n\t\t\t\t<div class=\"elementor-widget-container\">\n\t\t\t\t\t\t\t\t\t<p>Filtros para la despolvorizaci\u00f3n<\/p>\n\t\t\t\t\t\t\t\t<\/div>\n\t\t\t\t<\/div>\n\t\t\t\t<\/div>\n\t\t\t\t<\/a>\n\t\t<a class=\"elementor-element elementor-element-be938bd e-con-full e-flex e-con e-child\" data-id=\"be938bd\" data-element_type=\"container\" data-e-type=\"container\" href=\"https:\/\/www.mgfiltri.it\/mgfabrics\/#shapes\">\n\t\t\t\t<div class=\"elementor-element elementor-element-0b4291e elementor-widget elementor-widget-image\" data-id=\"0b4291e\" data-element_type=\"widget\" data-e-type=\"widget\" data-widget_type=\"image.default\">\n\t\t\t\t<div class=\"elementor-widget-container\">\n\t\t\t\t\t\t\t\t\t\t\t\t\t\t\t<img loading=\"lazy\" decoding=\"async\" width=\"2560\" height=\"1706\" src=\"https:\/\/www.mgfiltri.it\/wp-content\/uploads\/2025\/03\/R6AT6811-Modifica2-scaled.jpg\" class=\"attachment-large size-large wp-image-550\" alt=\"\" srcset=\"https:\/\/www.mgfiltri.it\/wp-content\/uploads\/2025\/03\/R6AT6811-Modifica2-scaled.jpg 2560w, https:\/\/www.mgfiltri.it\/wp-content\/uploads\/2025\/03\/R6AT6811-Modifica2-768x512.jpg 768w, https:\/\/www.mgfiltri.it\/wp-content\/uploads\/2025\/03\/R6AT6811-Modifica2-1536x1024.jpg 1536w, https:\/\/www.mgfiltri.it\/wp-content\/uploads\/2025\/03\/R6AT6811-Modifica2-2048x1365.jpg 2048w\" sizes=\"(max-width: 2560px) 100vw, 2560px\" \/>\t\t\t\t\t\t\t\t\t\t\t\t\t\t\t<\/div>\n\t\t\t\t<\/div>\n\t\t<div class=\"elementor-element elementor-element-97a6824 e-con-full e-flex e-con e-child\" data-id=\"97a6824\" data-element_type=\"container\" data-e-type=\"container\" data-settings=\"{&quot;background_background&quot;:&quot;classic&quot;}\">\n\t\t\t\t<div class=\"elementor-element elementor-element-f4a906d elementor-widget elementor-widget-text-editor\" data-id=\"f4a906d\" data-element_type=\"widget\" data-e-type=\"widget\" data-widget_type=\"text-editor.default\">\n\t\t\t\t<div class=\"elementor-widget-container\">\n\t\t\t\t\t\t\t\t\t<p>MGSHAPES<\/p>\n\t\t\t\t\t\t\t\t<\/div>\n\t\t\t\t<\/div>\n\t\t\t\t<div class=\"elementor-element elementor-element-979f87e elementor-widget elementor-widget-text-editor\" data-id=\"979f87e\" data-element_type=\"widget\" data-e-type=\"widget\" data-widget_type=\"text-editor.default\">\n\t\t\t\t<div class=\"elementor-widget-container\">\n\t\t\t\t\t\t\t\t\t<p>Troquelados de tejido<\/p>\n\t\t\t\t\t\t\t\t<\/div>\n\t\t\t\t<\/div>\n\t\t\t\t<\/div>\n\t\t\t\t<\/a>\n\t\t<a class=\"elementor-element elementor-element-7498a0c e-con-full e-flex e-con e-child\" data-id=\"7498a0c\" data-element_type=\"container\" data-e-type=\"container\" href=\"https:\/\/www.mgfiltri.it\/mgsteel\/\">\n\t\t\t\t<div class=\"elementor-element elementor-element-ab7fbf7 elementor-widget elementor-widget-image\" data-id=\"ab7fbf7\" data-element_type=\"widget\" data-e-type=\"widget\" data-widget_type=\"image.default\">\n\t\t\t\t<div class=\"elementor-widget-container\">\n\t\t\t\t\t\t\t\t\t\t\t\t\t\t\t<img loading=\"lazy\" decoding=\"async\" width=\"758\" height=\"505\" src=\"https:\/\/www.mgfiltri.it\/wp-content\/uploads\/2025\/03\/3setacciatura-1.jpg\" class=\"attachment-large size-large wp-image-566\" alt=\"\" \/>\t\t\t\t\t\t\t\t\t\t\t\t\t\t\t<\/div>\n\t\t\t\t<\/div>\n\t\t<div class=\"elementor-element elementor-element-81ede8b e-con-full e-flex e-con e-child\" data-id=\"81ede8b\" data-element_type=\"container\" data-e-type=\"container\" data-settings=\"{&quot;background_background&quot;:&quot;classic&quot;}\">\n\t\t\t\t<div class=\"elementor-element elementor-element-14f8547 elementor-widget elementor-widget-text-editor\" data-id=\"14f8547\" data-element_type=\"widget\" data-e-type=\"widget\" data-widget_type=\"text-editor.default\">\n\t\t\t\t<div class=\"elementor-widget-container\">\n\t\t\t\t\t\t\t\t\t<p>MGSTEEL<\/p>\n\t\t\t\t\t\t\t\t<\/div>\n\t\t\t\t<\/div>\n\t\t\t\t<div class=\"elementor-element elementor-element-119ca10 elementor-widget elementor-widget-text-editor\" data-id=\"119ca10\" data-element_type=\"widget\" data-e-type=\"widget\" data-widget_type=\"text-editor.default\">\n\t\t\t\t<div class=\"elementor-widget-container\">\n\t\t\t\t\t\t\t\t\t<p>Filtros de tejido met\u00e1lico<\/p>\n\t\t\t\t\t\t\t\t<\/div>\n\t\t\t\t<\/div>\n\t\t\t\t<\/div>\n\t\t\t\t<\/a>\n\t\t\t\t\t<\/div>\n\t\t\t\t<\/div>\n\t\t<div class=\"elementor-element elementor-element-2e5b0c5 e-flex e-con-boxed e-con e-parent\" data-id=\"2e5b0c5\" data-element_type=\"container\" data-e-type=\"container\">\n\t\t\t\t\t<div class=\"e-con-inner\">\n\t\t\t\t<div class=\"elementor-element elementor-element-5bcbd67 elementor-widget elementor-widget-text-editor\" data-id=\"5bcbd67\" data-element_type=\"widget\" data-e-type=\"widget\" data-widget_type=\"text-editor.default\">\n\t\t\t\t<div class=\"elementor-widget-container\">\n\t\t\t\t\t\t\t\t\t<p class=\"p1\">MG Filtri es una empresa especializada en la fabricaci\u00f3n y comercializaci\u00f3n de tejidos t\u00e9cnicos de alta calidad, fabricados en poli\u00e9ster, poliamida y acero. Ofrecemos una amplia gama de soluciones, incluyendo mallas monofilamento y productos semielaborados como bolsas filtrantes, tejidos tubulares, componentes perforados, cartuchos para l\u00edquidos, sistemas de depuraci\u00f3n de polvo, tamices y pantallas. Nuestros productos est\u00e1n dise\u00f1ados para satisfacer las necesidades del sector de la filtraci\u00f3n industrial, garantizando alto rendimiento y fiabilidad en cada aplicaci\u00f3n. Elige MG Filtri para soluciones innovadoras y personalizadas, ideales para optimizar los procesos de filtraci\u00f3n en diversos \u00e1mbitos industriales.<\/p>\n\t\t\t\t\t\t\t\t<\/div>\n\t\t\t\t<\/div>\n\t\t\t\t\t<\/div>\n\t\t\t\t<\/div>\n\t\t\t\t<\/div>\n\t\t","protected":false},"excerpt":{"rendered":"<p>NUESTROS PRODUCTOS MGFABRICS Tejidos t\u00e9cnicos para filtraci\u00f3n MGROLLS Tejidos en rollo MGCARTRIDGES Cartuchos para filtraci\u00f3n de l\u00edquidos MGTUBES Tejidos tubulares MGBAGS Bolsas de filtro MGPOWDER Filtros para la despolvorizaci\u00f3n MGSHAPES Troquelados de tejido MGSTEEL Filtros de tejido met\u00e1lico MG Filtri es una empresa especializada en la fabricaci\u00f3n y comercializaci\u00f3n de tejidos t\u00e9cnicos de alta calidad, [&hellip;]<\/p>\n","protected":false},"author":1,"featured_media":0,"parent":0,"menu_order":0,"comment_status":"closed","ping_status":"closed","template":"","meta":{"footnotes":""},"class_list":["post-664","page","type-page","status-publish","hentry"],"_links":{"self":[{"href":"https:\/\/www.mgfiltri.it\/es\/wp-json\/wp\/v2\/pages\/664","targetHints":{"allow":["GET"]}}],"collection":[{"href":"https:\/\/www.mgfiltri.it\/es\/wp-json\/wp\/v2\/pages"}],"about":[{"href":"https:\/\/www.mgfiltri.it\/es\/wp-json\/wp\/v2\/types\/page"}],"author":[{"embeddable":true,"href":"https:\/\/www.mgfiltri.it\/es\/wp-json\/wp\/v2\/users\/1"}],"replies":[{"embeddable":true,"href":"https:\/\/www.mgfiltri.it\/es\/wp-json\/wp\/v2\/comments?post=664"}],"version-history":[{"count":3,"href":"https:\/\/www.mgfiltri.it\/es\/wp-json\/wp\/v2\/pages\/664\/revisions"}],"predecessor-version":[{"id":737,"href":"https:\/\/www.mgfiltri.it\/es\/wp-json\/wp\/v2\/pages\/664\/revisions\/737"}],"wp:attachment":[{"href":"https:\/\/www.mgfiltri.it\/es\/wp-json\/wp\/v2\/media?parent=664"}],"curies":[{"name":"wp","href":"https:\/\/api.w.org\/{rel}","templated":true}]}}