{"id":658,"date":"2025-03-28T12:42:11","date_gmt":"2025-03-28T12:42:11","guid":{"rendered":"https:\/\/www.mgfiltri.it\/mgsteel\/"},"modified":"2025-04-30T07:24:56","modified_gmt":"2025-04-30T07:24:56","slug":"mgsteel","status":"publish","type":"page","link":"https:\/\/www.mgfiltri.it\/es\/mgsteel\/","title":{"rendered":"MGSteel"},"content":{"rendered":"\t\t<div data-elementor-type=\"wp-page\" data-elementor-id=\"658\" class=\"elementor elementor-658 elementor-346\" data-elementor-post-type=\"page\">\n\t\t\t\t<div class=\"elementor-element elementor-element-9aeea5c e-flex e-con-boxed e-con e-parent\" data-id=\"9aeea5c\" data-element_type=\"container\" data-e-type=\"container\">\n\t\t\t\t\t<div class=\"e-con-inner\">\n\t\t<div class=\"elementor-element elementor-element-e0b7aca e-con-full e-flex e-con e-child\" data-id=\"e0b7aca\" data-element_type=\"container\" data-e-type=\"container\">\n\t\t\t\t<div class=\"elementor-element elementor-element-c8c2d56 elementor-widget elementor-widget-heading\" data-id=\"c8c2d56\" data-element_type=\"widget\" data-e-type=\"widget\" data-widget_type=\"heading.default\">\n\t\t\t\t<div class=\"elementor-widget-container\">\n\t\t\t\t\t<h2 class=\"elementor-heading-title elementor-size-default\">MGSTEEL<\/h2>\t\t\t\t<\/div>\n\t\t\t\t<\/div>\n\t\t\t\t<div class=\"elementor-element elementor-element-0fdc344 elementor-view-default elementor-widget elementor-widget-icon\" data-id=\"0fdc344\" data-element_type=\"widget\" data-e-type=\"widget\" data-widget_type=\"icon.default\">\n\t\t\t\t<div class=\"elementor-widget-container\">\n\t\t\t\t\t\t\t<div class=\"elementor-icon-wrapper\">\n\t\t\t<div class=\"elementor-icon\">\n\t\t\t<svg xmlns=\"http:\/\/www.w3.org\/2000\/svg\" id=\"Livello_1\" data-name=\"Livello 1\" viewBox=\"0 0 39.83 19.92\"><defs><style>      .cls-1 {        fill: #379ca0;      }    <\/style><\/defs><polygon class=\"cls-1\" points=\"0 0 19.92 19.92 39.83 0 0 0\"><\/polygon><\/svg>\t\t\t<\/div>\n\t\t<\/div>\n\t\t\t\t\t\t<\/div>\n\t\t\t\t<\/div>\n\t\t\t\t<\/div>\n\t\t<div class=\"elementor-element elementor-element-41a0550 e-con-full e-flex e-con e-child\" data-id=\"41a0550\" data-element_type=\"container\" data-e-type=\"container\">\n\t\t\t\t<div class=\"elementor-element elementor-element-b58559f elementor-widget elementor-widget-image\" data-id=\"b58559f\" data-element_type=\"widget\" data-e-type=\"widget\" data-widget_type=\"image.default\">\n\t\t\t\t<div class=\"elementor-widget-container\">\n\t\t\t\t\t\t\t\t\t\t\t\t\t\t\t\t<a href=\"https:\/\/www.bopp.com\/\" target=\"_blank\">\n\t\t\t\t\t\t\t<img fetchpriority=\"high\" decoding=\"async\" width=\"782\" height=\"553\" src=\"https:\/\/www.mgfiltri.it\/wp-content\/uploads\/2025\/03\/logo-bopp-copia.png\" class=\"attachment-large size-large wp-image-596\" alt=\"\" srcset=\"https:\/\/www.mgfiltri.it\/wp-content\/uploads\/2025\/03\/logo-bopp-copia.png 782w, https:\/\/www.mgfiltri.it\/wp-content\/uploads\/2025\/03\/logo-bopp-copia-768x543.png 768w\" sizes=\"(max-width: 782px) 100vw, 782px\" \/>\t\t\t\t\t\t\t\t<\/a>\n\t\t\t\t\t\t\t\t\t\t\t\t\t\t\t<\/div>\n\t\t\t\t<\/div>\n\t\t\t\t<\/div>\n\t\t\t\t\t<\/div>\n\t\t\t\t<\/div>\n\t\t<div class=\"elementor-element elementor-element-9bed312 e-flex e-con-boxed e-con e-parent\" data-id=\"9bed312\" data-element_type=\"container\" data-e-type=\"container\">\n\t\t\t\t\t<div class=\"e-con-inner\">\n\t\t<div class=\"elementor-element elementor-element-6247888 e-con-full e-flex e-con e-child\" data-id=\"6247888\" data-element_type=\"container\" data-e-type=\"container\">\n\t\t\t\t<div class=\"elementor-element elementor-element-a916aaa elementor-widget elementor-widget-heading\" data-id=\"a916aaa\" data-element_type=\"widget\" data-e-type=\"widget\" data-widget_type=\"heading.default\">\n\t\t\t\t<div class=\"elementor-widget-container\">\n\t\t\t\t\t<h2 class=\"elementor-heading-title elementor-size-default\">La L\u00ednea de Filtros de Tela Met\u00e1lica<\/h2>\t\t\t\t<\/div>\n\t\t\t\t<\/div>\n\t\t\t\t<div class=\"elementor-element elementor-element-3a08d9e elementor-widget elementor-widget-text-editor\" data-id=\"3a08d9e\" data-element_type=\"widget\" data-e-type=\"widget\" data-widget_type=\"text-editor.default\">\n\t\t\t\t<div class=\"elementor-widget-container\">\n\t\t\t\t\t\t\t\t\t<p class=\"p1\">Para completar nuestra oferta y garantizar un servicio integral, presentamos la l\u00ednea <strong>MGSTEEL<\/strong>, especializada en telas\u00a0met\u00e1licas para aplicaciones donde los materiales pl\u00e1sticos o sint\u00e9ticos enfrentan desaf\u00edos, como altas temperaturas o\u00a0compatibilidad qu\u00edmica.<\/p>\n<p><\/p>\n<p class=\"p1\">Podemos proporcionar rollos de tela de acero y productos semielaborados, incluidos discos,\u00a0tubos, cartuchos y tamices. Esto es posible gracias a nuestra colaboraci\u00f3n con el <strong>Grupo Bopp,<\/strong> l\u00edder mundial en la producci\u00f3n de telas met\u00e1licas. Somos socios de Bopp Italia y distribuidores oficiales de sus productos, contribuyendo tambi\u00e9n a la producci\u00f3n de algunos de sus semielaborados.<\/p>\n<p><\/p>\n<p class=\"p1\"><strong>Grupo Bopp <\/strong><br \/>\nFundado en 1881, el Grupo Bopp es uno de los principales fabricantes mundiales de telas met\u00e1licas, con una larga historia de innovaci\u00f3n y calidad. Con sede en Suiza, la empresa ha ampliado su presencia global estableciendo filiales en pa\u00edses como Alemania, Italia, Gran Breta\u00f1a, Escandinavia, Estados Unidos y Asia.<\/p>\n<p><\/p>\n<p class=\"p1\"><strong>Bopp es sin\u00f3nimo de precisi\u00f3n suiza, un principio que gu\u00eda cada aspecto de su producci\u00f3n. <\/strong><\/p>\n\t\t\t\t\t\t\t\t<\/div>\n\t\t\t\t<\/div>\n\t\t\t\t<\/div>\n\t\t\t\t\t<\/div>\n\t\t\t\t<\/div>\n\t\t<div class=\"elementor-element elementor-element-62edaf7 e-flex e-con-boxed e-con e-parent\" data-id=\"62edaf7\" data-element_type=\"container\" data-e-type=\"container\">\n\t\t\t\t\t<div class=\"e-con-inner\">\n\t\t<div class=\"elementor-element elementor-element-26f6c94 e-con-full e-flex e-con e-child\" data-id=\"26f6c94\" data-element_type=\"container\" data-e-type=\"container\" data-settings=\"{&quot;background_background&quot;:&quot;classic&quot;}\">\n\t\t<div class=\"elementor-element elementor-element-0b302e9 e-con-full e-flex e-con e-child\" data-id=\"0b302e9\" data-element_type=\"container\" data-e-type=\"container\">\n\t\t\t\t<div class=\"elementor-element elementor-element-2c54d40 elementor-widget elementor-widget-image\" data-id=\"2c54d40\" data-element_type=\"widget\" data-e-type=\"widget\" data-widget_type=\"image.default\">\n\t\t\t\t<div class=\"elementor-widget-container\">\n\t\t\t\t\t\t\t\t\t\t\t\t\t\t\t<img decoding=\"async\" width=\"600\" height=\"350\" src=\"https:\/\/www.mgfiltri.it\/wp-content\/uploads\/2025\/03\/setacciatura.jpg\" class=\"attachment-large size-large wp-image-600\" alt=\"\" \/>\t\t\t\t\t\t\t\t\t\t\t\t\t\t\t<\/div>\n\t\t\t\t<\/div>\n\t\t\t\t<div class=\"elementor-element elementor-element-b9f0753 elementor-widget elementor-widget-image\" data-id=\"b9f0753\" data-element_type=\"widget\" data-e-type=\"widget\" data-widget_type=\"image.default\">\n\t\t\t\t<div class=\"elementor-widget-container\">\n\t\t\t\t\t\t\t\t\t\t\t\t\t\t\t<img decoding=\"async\" width=\"600\" height=\"350\" src=\"https:\/\/www.mgfiltri.it\/wp-content\/uploads\/2025\/03\/3setacciatura-2.jpg\" class=\"attachment-large size-large wp-image-602\" alt=\"\" \/>\t\t\t\t\t\t\t\t\t\t\t\t\t\t\t<\/div>\n\t\t\t\t<\/div>\n\t\t\t\t<div class=\"elementor-element elementor-element-f46a2cc elementor-widget elementor-widget-image\" data-id=\"f46a2cc\" data-element_type=\"widget\" data-e-type=\"widget\" data-widget_type=\"image.default\">\n\t\t\t\t<div class=\"elementor-widget-container\">\n\t\t\t\t\t\t\t\t\t\t\t\t\t\t\t<img loading=\"lazy\" decoding=\"async\" width=\"600\" height=\"350\" src=\"https:\/\/www.mgfiltri.it\/wp-content\/uploads\/2025\/03\/setacci-da-lab.jpg\" class=\"attachment-large size-large wp-image-598\" alt=\"\" \/>\t\t\t\t\t\t\t\t\t\t\t\t\t\t\t<\/div>\n\t\t\t\t<\/div>\n\t\t\t\t<\/div>\n\t\t<div class=\"elementor-element elementor-element-588da22 e-con-full e-flex e-con e-child\" data-id=\"588da22\" data-element_type=\"container\" data-e-type=\"container\">\n\t\t\t\t<div class=\"elementor-element elementor-element-554b55f elementor-widget elementor-widget-button\" data-id=\"554b55f\" data-element_type=\"widget\" data-e-type=\"widget\" data-widget_type=\"button.default\">\n\t\t\t\t<div class=\"elementor-widget-container\">\n\t\t\t\t\t\t\t\t\t<div class=\"elementor-button-wrapper\">\n\t\t\t\t\t<a class=\"elementor-button elementor-button-link elementor-size-sm\" href=\"https:\/\/www.mgfiltri.it\/wp-content\/uploads\/2025\/04\/brochure-vagli.pdf\" target=\"_blank\">\n\t\t\t\t\t\t<span class=\"elementor-button-content-wrapper\">\n\t\t\t\t\t\t\t\t\t<span class=\"elementor-button-text\">Descarga la Brochure<\/span>\n\t\t\t\t\t<\/span>\n\t\t\t\t\t<\/a>\n\t\t\t\t<\/div>\n\t\t\t\t\t\t\t\t<\/div>\n\t\t\t\t<\/div>\n\t\t\t\t<div class=\"elementor-element elementor-element-030c401 elementor-widget elementor-widget-text-editor\" data-id=\"030c401\" data-element_type=\"widget\" data-e-type=\"widget\" data-widget_type=\"text-editor.default\">\n\t\t\t\t<div class=\"elementor-widget-container\">\n\t\t\t\t\t\t\t\t\t<p><strong>Telas de Filtraci\u00f3n de Acero Tejidos para filtraci\u00f3n en acero<br \/>\n<\/strong>Uno de los puntos fuertes del <strong>Grupo Bopp<\/strong> es la producci\u00f3n de tejidos para filtraci\u00f3n en acero inoxidable, dise\u00f1ados para garantizar un rendimiento excelente en una amplia gama de aplicaciones industriales. Estos tejidos se destacan por su robustez y resistencia qu\u00edmica, lo que los hace ideales para la separaci\u00f3n de s\u00f3lidos en diversas etapas de producci\u00f3n. La gama incluye tejidos especializados para el tamizado y la filtraci\u00f3n, desarrollados para satisfacer las necesidades espec\u00edficas de los clientes.<\/p>\n<p><strong>\u00c1mbitos de aplicaci\u00f3n <\/strong><br \/>Los tejidos para filtraci\u00f3n de Bopp encuentran aplicaci\u00f3n en varios sectores, incluyendo:<\/p>\n<ul>\n<li><strong>Industria qu\u00edmica y farmac\u00e9utica:<\/strong> Utilizados en procesos de filtraci\u00f3n cr\u00edtica, donde la pureza del producto final es fundamental.<\/li>\n<li><strong> Industria alimentaria:<\/strong> Aseguran la separaci\u00f3n de part\u00edculas no deseadas, garantizando la calidad de los alimentos y bebidas.<\/li>\n<li><strong> Sector ambiental:<\/strong> Empleados en la depuraci\u00f3n de aguas y en el tratamiento de residuos, contribuyendo a un entorno m\u00e1s limpio.<\/li>\n<li><strong> Industria minera y metal\u00fargica:<\/strong> Utilizados para la separaci\u00f3n de minerales y metales, optimizando los procesos de extracci\u00f3n.<\/li>\n<\/ul>\n<p><strong>Innovaci\u00f3n y calidad <\/strong><br \/><strong>Bopp<\/strong> no se limita a producir tejidos de alta calidad, sino que invierte continuamente en investigaci\u00f3n y desarrollo para mejorar sus tecnolog\u00edas. La empresa se compromete a proporcionar soluciones innovadoras que no solo satisfacen, sino que superan las expectativas de los clientes. Este enfoque proactivo ha llevado a una creciente confianza por parte de los clientes, que buscan soluciones no convencionales para sus desaf\u00edos de filtraci\u00f3n.<\/p>\n<p>Para descubrir m\u00e1s aplicaciones e informaci\u00f3n, visita el sitio <a href=\"http:\/\/www.bopp.com\"><strong>www.bopp.com. <\/strong><\/a><\/p>\n\t\t\t\t\t\t\t\t<\/div>\n\t\t\t\t<\/div>\n\t\t\t\t<\/div>\n\t\t\t\t<\/div>\n\t\t\t\t\t<\/div>\n\t\t\t\t<\/div>\n\t\t\t\t<\/div>\n\t\t","protected":false},"excerpt":{"rendered":"<p>MGSTEEL La L\u00ednea de Filtros de Tela Met\u00e1lica Para completar nuestra oferta y garantizar un servicio integral, presentamos la l\u00ednea MGSTEEL, especializada en telas\u00a0met\u00e1licas para aplicaciones donde los materiales pl\u00e1sticos o sint\u00e9ticos enfrentan desaf\u00edos, como altas temperaturas o\u00a0compatibilidad qu\u00edmica. Podemos proporcionar rollos de tela de acero y productos semielaborados, incluidos discos,\u00a0tubos, cartuchos y tamices. Esto [&hellip;]<\/p>\n","protected":false},"author":1,"featured_media":0,"parent":0,"menu_order":0,"comment_status":"closed","ping_status":"closed","template":"","meta":{"footnotes":""},"class_list":["post-658","page","type-page","status-publish","hentry"],"_links":{"self":[{"href":"https:\/\/www.mgfiltri.it\/es\/wp-json\/wp\/v2\/pages\/658","targetHints":{"allow":["GET"]}}],"collection":[{"href":"https:\/\/www.mgfiltri.it\/es\/wp-json\/wp\/v2\/pages"}],"about":[{"href":"https:\/\/www.mgfiltri.it\/es\/wp-json\/wp\/v2\/types\/page"}],"author":[{"embeddable":true,"href":"https:\/\/www.mgfiltri.it\/es\/wp-json\/wp\/v2\/users\/1"}],"replies":[{"embeddable":true,"href":"https:\/\/www.mgfiltri.it\/es\/wp-json\/wp\/v2\/comments?post=658"}],"version-history":[{"count":1,"href":"https:\/\/www.mgfiltri.it\/es\/wp-json\/wp\/v2\/pages\/658\/revisions"}],"predecessor-version":[{"id":659,"href":"https:\/\/www.mgfiltri.it\/es\/wp-json\/wp\/v2\/pages\/658\/revisions\/659"}],"wp:attachment":[{"href":"https:\/\/www.mgfiltri.it\/es\/wp-json\/wp\/v2\/media?parent=658"}],"curies":[{"name":"wp","href":"https:\/\/api.w.org\/{rel}","templated":true}]}}