{"id":650,"date":"2025-03-28T12:39:55","date_gmt":"2025-03-28T12:39:55","guid":{"rendered":"https:\/\/www.mgfiltri.it\/mgpowder\/"},"modified":"2025-05-13T08:23:08","modified_gmt":"2025-05-13T08:23:08","slug":"mgpowder","status":"publish","type":"page","link":"https:\/\/www.mgfiltri.it\/es\/mgpowder\/","title":{"rendered":"MGPowder"},"content":{"rendered":"\t\t<div data-elementor-type=\"wp-page\" data-elementor-id=\"650\" class=\"elementor elementor-650 elementor-342\" data-elementor-post-type=\"page\">\n\t\t\t\t<div class=\"elementor-element elementor-element-c2b31e3 e-flex e-con-boxed e-con e-parent\" data-id=\"c2b31e3\" data-element_type=\"container\" data-e-type=\"container\">\n\t\t\t\t\t<div class=\"e-con-inner\">\n\t\t\t\t<div class=\"elementor-element elementor-element-55aff7a elementor-widget elementor-widget-heading\" data-id=\"55aff7a\" data-element_type=\"widget\" data-e-type=\"widget\" data-widget_type=\"heading.default\">\n\t\t\t\t<div class=\"elementor-widget-container\">\n\t\t\t\t\t<h2 class=\"elementor-heading-title elementor-size-default\">MGPOWDER<\/h2>\t\t\t\t<\/div>\n\t\t\t\t<\/div>\n\t\t\t\t\t<\/div>\n\t\t\t\t<\/div>\n\t\t<div class=\"elementor-element elementor-element-29400cd e-flex e-con-boxed e-con e-parent\" data-id=\"29400cd\" data-element_type=\"container\" data-e-type=\"container\">\n\t\t\t\t\t<div class=\"e-con-inner\">\n\t\t<div class=\"elementor-element elementor-element-9ff01f4 e-con-full e-flex e-con e-child\" data-id=\"9ff01f4\" data-element_type=\"container\" data-e-type=\"container\">\n\t\t\t\t<div class=\"elementor-element elementor-element-11db674 elementor-view-default elementor-widget elementor-widget-icon\" data-id=\"11db674\" data-element_type=\"widget\" data-e-type=\"widget\" data-widget_type=\"icon.default\">\n\t\t\t\t<div class=\"elementor-widget-container\">\n\t\t\t\t\t\t\t<div class=\"elementor-icon-wrapper\">\n\t\t\t<div class=\"elementor-icon\">\n\t\t\t<svg xmlns=\"http:\/\/www.w3.org\/2000\/svg\" id=\"Livello_1\" data-name=\"Livello 1\" viewBox=\"0 0 39.83 19.92\"><defs><style>      .cls-1 {        fill: #379ca0;      }    <\/style><\/defs><polygon class=\"cls-1\" points=\"0 0 19.92 19.92 39.83 0 0 0\"><\/polygon><\/svg>\t\t\t<\/div>\n\t\t<\/div>\n\t\t\t\t\t\t<\/div>\n\t\t\t\t<\/div>\n\t\t\t\t<\/div>\n\t\t<div class=\"elementor-element elementor-element-f2bc04f e-con-full e-flex e-con e-child\" data-id=\"f2bc04f\" data-element_type=\"container\" data-e-type=\"container\">\n\t\t\t\t<div class=\"elementor-element elementor-element-8ef708d elementor-widget elementor-widget-heading\" data-id=\"8ef708d\" data-element_type=\"widget\" data-e-type=\"widget\" data-widget_type=\"heading.default\">\n\t\t\t\t<div class=\"elementor-widget-container\">\n\t\t\t\t\t<h2 class=\"elementor-heading-title elementor-size-default\">Filtros para la Filtraci\u00f3n de Polvo <\/h2>\t\t\t\t<\/div>\n\t\t\t\t<\/div>\n\t\t\t\t<div class=\"elementor-element elementor-element-e032bb3 elementor-widget elementor-widget-text-editor\" data-id=\"e032bb3\" data-element_type=\"widget\" data-e-type=\"widget\" data-widget_type=\"text-editor.default\">\n\t\t\t\t<div class=\"elementor-widget-container\">\n\t\t\t\t\t\t\t\t\t<p>Los filtros de polvo son componentes cruciales en los sistemas de gesti\u00f3n de la calidad del aire, dise\u00f1ados para la extracci\u00f3n y eliminaci\u00f3n de part\u00edculas s\u00f3lidas y contaminantes presentes tanto en el aire como en fluidos industriales. Estos dispositivos son indispensables en varios sectores, incluyendo la manufactura, la alimentaci\u00f3n y la salud. Su efectividad en la purificaci\u00f3n ambiental no solo mejora la calidad del aire, sino que tambi\u00e9n desempe\u00f1a un papel fundamental en la protecci\u00f3n de la salud de los trabajadores.<\/p>\n\t\t\t\t\t\t\t\t<\/div>\n\t\t\t\t<\/div>\n\t\t\t\t<\/div>\n\t\t\t\t\t<\/div>\n\t\t\t\t<\/div>\n\t\t<div class=\"elementor-element elementor-element-df88224 e-flex e-con-boxed e-con e-parent\" data-id=\"df88224\" data-element_type=\"container\" data-e-type=\"container\">\n\t\t\t\t\t<div class=\"e-con-inner\">\n\t\t<div class=\"elementor-element elementor-element-7ee81ac e-con-full e-flex e-con e-child\" data-id=\"7ee81ac\" data-element_type=\"container\" data-e-type=\"container\" data-settings=\"{&quot;background_background&quot;:&quot;classic&quot;}\">\n\t\t<div class=\"elementor-element elementor-element-6f61c59 e-con-full e-flex e-con e-child\" data-id=\"6f61c59\" data-element_type=\"container\" data-e-type=\"container\">\n\t\t<div class=\"elementor-element elementor-element-e55bffe e-con-full e-flex e-con e-child\" data-id=\"e55bffe\" data-element_type=\"container\" data-e-type=\"container\" data-settings=\"{&quot;background_background&quot;:&quot;classic&quot;}\">\n\t\t\t\t<div class=\"elementor-element elementor-element-0cb4d10 elementor-widget elementor-widget-heading\" data-id=\"0cb4d10\" data-element_type=\"widget\" data-e-type=\"widget\" data-widget_type=\"heading.default\">\n\t\t\t\t<div class=\"elementor-widget-container\">\n\t\t\t\t\t<h2 class=\"elementor-heading-title elementor-size-default\">Cartuccia per depolverazione plissettato<\/h2>\t\t\t\t<\/div>\n\t\t\t\t<\/div>\n\t\t\t\t<\/div>\n\t\t<div class=\"elementor-element elementor-element-aad77c7 e-con-full e-flex e-con e-child\" data-id=\"aad77c7\" data-element_type=\"container\" data-e-type=\"container\" data-settings=\"{&quot;background_background&quot;:&quot;classic&quot;}\">\n\t\t\t\t<div class=\"elementor-element elementor-element-9ea94ba elementor-widget elementor-widget-heading\" data-id=\"9ea94ba\" data-element_type=\"widget\" data-e-type=\"widget\" data-widget_type=\"heading.default\">\n\t\t\t\t<div class=\"elementor-widget-container\">\n\t\t\t\t\t<h2 class=\"elementor-heading-title elementor-size-default\">Cartuccia per depolverazione rinforzata<\/h2>\t\t\t\t<\/div>\n\t\t\t\t<\/div>\n\t\t\t\t<\/div>\n\t\t<div class=\"elementor-element elementor-element-40e2406 e-con-full e-flex e-con e-child\" data-id=\"40e2406\" data-element_type=\"container\" data-e-type=\"container\" data-settings=\"{&quot;background_background&quot;:&quot;classic&quot;}\">\n\t\t\t\t<div class=\"elementor-element elementor-element-0d45393 elementor-widget elementor-widget-heading\" data-id=\"0d45393\" data-element_type=\"widget\" data-e-type=\"widget\" data-widget_type=\"heading.default\">\n\t\t\t\t<div class=\"elementor-widget-container\">\n\t\t\t\t\t<h2 class=\"elementor-heading-title elementor-size-default\">Cartuccia per depolverazione con doppia protezione<\/h2>\t\t\t\t<\/div>\n\t\t\t\t<\/div>\n\t\t\t\t<\/div>\n\t\t\t\t<\/div>\n\t\t<div class=\"elementor-element elementor-element-e0780a2 e-con-full e-flex e-con e-child\" data-id=\"e0780a2\" data-element_type=\"container\" data-e-type=\"container\">\n\t\t\t\t<div class=\"elementor-element elementor-element-3a0a122 elementor-widget elementor-widget-text-editor\" data-id=\"3a0a122\" data-element_type=\"widget\" data-e-type=\"widget\" data-widget_type=\"text-editor.default\">\n\t\t\t\t<div class=\"elementor-widget-container\">\n\t\t\t\t\t\t\t\t\t<p><span style=\"color: #ffffff;\"><strong>Aplicaciones<\/strong><\/span><\/p>\n<p>El uso de <strong>filtros de polvo<\/strong> se extiende a diversos contextos industriales. En la manufactura, estos filtros se emplean para garantizar un ambiente de trabajo libre de part\u00edculas nocivas, optimizando la funcionalidad del equipo. En la industria alimentaria, ayudan a proteger los productos de<br \/>contaminaciones no deseadas, asegurando altos est\u00e1ndares de higiene. En los sectores de salud, los filtros son esenciales para mantener un aire libre de pat\u00f3genos, lo cual es crucial para la salud y seguridad de los entornos cl\u00ednicos.<\/p>\n<p>&nbsp;<\/p>\n<p><span style=\"color: #ffffff;\"><strong>Composici\u00f3n de los Filtros<\/strong><\/span><\/p>\n<p>Los filtros de polvo est\u00e1n fabricados con materiales altamente especializados, seleccionados en funci\u00f3n de las necesidades operativas espec\u00edficas. Entre los materiales m\u00e1s utilizados se encuentran las fibras sint\u00e9ticas, la celulosa y las aleaciones met\u00e1licas. Estos materiales est\u00e1n dise\u00f1ados para atrapar part\u00edculas de diversos tama\u00f1os, desde polvo ultrafino hasta al\u00e9rgenos, garantizando as\u00ed una alta eficiencia de filtraci\u00f3n y una reducci\u00f3n significativa de la contaminaci\u00f3n ambiental.<\/p>\n<p>&nbsp;<\/p>\n<p><span style=\"color: #ffffff;\"><strong>Beneficios<\/strong><\/span><\/p>\n<p>La implementaci\u00f3n de filtros de alta calidad no solo mejora la calidad del aire, sino que tambi\u00e9n contribuye a prolongar la vida \u00fatil del equipo y a optimizar los costos operativos. Un sistema de filtraci\u00f3n bien dise\u00f1ado puede reducir dr\u00e1sticamente el ausentismo por enfermedad, mejorando el bienestar de los empleados y aumentando la productividad general.<\/p>\n<p>Los filtros de polvo son herramientas esenciales para proporcionar ambientes de trabajo saludables y y garantizar un ambiente laboral \u00f3ptimo.<\/p>\n\t\t\t\t\t\t\t\t<\/div>\n\t\t\t\t<\/div>\n\t\t\t\t<\/div>\n\t\t\t\t<\/div>\n\t\t\t\t\t<\/div>\n\t\t\t\t<\/div>\n\t\t\t\t<\/div>\n\t\t","protected":false},"excerpt":{"rendered":"<p>MGPOWDER Filtros para la Filtraci\u00f3n de Polvo Los filtros de polvo son componentes cruciales en los sistemas de gesti\u00f3n de la calidad del aire, dise\u00f1ados para la extracci\u00f3n y eliminaci\u00f3n de part\u00edculas s\u00f3lidas y contaminantes presentes tanto en el aire como en fluidos industriales. Estos dispositivos son indispensables en varios sectores, incluyendo la manufactura, la [&hellip;]<\/p>\n","protected":false},"author":1,"featured_media":0,"parent":0,"menu_order":0,"comment_status":"closed","ping_status":"closed","template":"","meta":{"footnotes":""},"class_list":["post-650","page","type-page","status-publish","hentry"],"_links":{"self":[{"href":"https:\/\/www.mgfiltri.it\/es\/wp-json\/wp\/v2\/pages\/650","targetHints":{"allow":["GET"]}}],"collection":[{"href":"https:\/\/www.mgfiltri.it\/es\/wp-json\/wp\/v2\/pages"}],"about":[{"href":"https:\/\/www.mgfiltri.it\/es\/wp-json\/wp\/v2\/types\/page"}],"author":[{"embeddable":true,"href":"https:\/\/www.mgfiltri.it\/es\/wp-json\/wp\/v2\/users\/1"}],"replies":[{"embeddable":true,"href":"https:\/\/www.mgfiltri.it\/es\/wp-json\/wp\/v2\/comments?post=650"}],"version-history":[{"count":3,"href":"https:\/\/www.mgfiltri.it\/es\/wp-json\/wp\/v2\/pages\/650\/revisions"}],"predecessor-version":[{"id":655,"href":"https:\/\/www.mgfiltri.it\/es\/wp-json\/wp\/v2\/pages\/650\/revisions\/655"}],"wp:attachment":[{"href":"https:\/\/www.mgfiltri.it\/es\/wp-json\/wp\/v2\/media?parent=650"}],"curies":[{"name":"wp","href":"https:\/\/api.w.org\/{rel}","templated":true}]}}