{"id":646,"date":"2025-03-26T08:55:54","date_gmt":"2025-03-26T08:55:54","guid":{"rendered":"https:\/\/www.mgfiltri.it\/mgcartridges\/"},"modified":"2025-05-13T08:22:23","modified_gmt":"2025-05-13T08:22:23","slug":"mgcartridges","status":"publish","type":"page","link":"https:\/\/www.mgfiltri.it\/es\/mgcartridges\/","title":{"rendered":"MGCartridges"},"content":{"rendered":"\t\t<div data-elementor-type=\"wp-page\" data-elementor-id=\"646\" class=\"elementor elementor-646 elementor-22\" data-elementor-post-type=\"page\">\n\t\t\t\t<div class=\"elementor-element elementor-element-eb8bb41 e-flex e-con-boxed e-con e-parent\" data-id=\"eb8bb41\" data-element_type=\"container\" data-e-type=\"container\" data-settings=\"{&quot;background_background&quot;:&quot;slideshow&quot;,&quot;background_slideshow_gallery&quot;:[{&quot;id&quot;:225,&quot;url&quot;:&quot;https:\\\/\\\/www.mgfiltri.it\\\/wp-content\\\/uploads\\\/2025\\\/03\\\/R6AT7351-Modifica-scaled.jpg&quot;},{&quot;id&quot;:438,&quot;url&quot;:&quot;https:\\\/\\\/www.mgfiltri.it\\\/wp-content\\\/uploads\\\/2025\\\/04\\\/R6AT6694-Modifica-scaled.jpg&quot;},{&quot;id&quot;:437,&quot;url&quot;:&quot;https:\\\/\\\/www.mgfiltri.it\\\/wp-content\\\/uploads\\\/2025\\\/04\\\/R6AT6689-Modifica-scaled.jpg&quot;}],&quot;background_slideshow_loop&quot;:&quot;yes&quot;,&quot;background_slideshow_slide_duration&quot;:5000,&quot;background_slideshow_slide_transition&quot;:&quot;fade&quot;,&quot;background_slideshow_transition_duration&quot;:500}\">\n\t\t\t\t\t<div class=\"e-con-inner\">\n\t\t\t\t\t<\/div>\n\t\t\t\t<\/div>\n\t\t<div class=\"elementor-element elementor-element-5fed22f e-flex e-con-boxed e-con e-parent\" data-id=\"5fed22f\" data-element_type=\"container\" data-e-type=\"container\">\n\t\t\t\t\t<div class=\"e-con-inner\">\n\t\t\t\t<div class=\"elementor-element elementor-element-6820c55 elementor-widget elementor-widget-heading\" data-id=\"6820c55\" data-element_type=\"widget\" data-e-type=\"widget\" data-widget_type=\"heading.default\">\n\t\t\t\t<div class=\"elementor-widget-container\">\n\t\t\t\t\t<h2 class=\"elementor-heading-title elementor-size-default\">MGCARTRIDGES<\/h2>\t\t\t\t<\/div>\n\t\t\t\t<\/div>\n\t\t\t\t\t<\/div>\n\t\t\t\t<\/div>\n\t\t<div class=\"elementor-element elementor-element-d73561e e-flex e-con-boxed e-con e-parent\" data-id=\"d73561e\" data-element_type=\"container\" data-e-type=\"container\">\n\t\t\t\t\t<div class=\"e-con-inner\">\n\t\t<div class=\"elementor-element elementor-element-9d1c64b e-con-full e-flex e-con e-child\" data-id=\"9d1c64b\" data-element_type=\"container\" data-e-type=\"container\">\n\t\t\t\t<div class=\"elementor-element elementor-element-f670b78 elementor-view-default elementor-widget elementor-widget-icon\" data-id=\"f670b78\" data-element_type=\"widget\" data-e-type=\"widget\" data-widget_type=\"icon.default\">\n\t\t\t\t<div class=\"elementor-widget-container\">\n\t\t\t\t\t\t\t<div class=\"elementor-icon-wrapper\">\n\t\t\t<div class=\"elementor-icon\">\n\t\t\t<svg xmlns=\"http:\/\/www.w3.org\/2000\/svg\" id=\"Livello_1\" data-name=\"Livello 1\" viewBox=\"0 0 39.83 19.92\"><defs><style>      .cls-1 {        fill: #379ca0;      }    <\/style><\/defs><polygon class=\"cls-1\" points=\"0 0 19.92 19.92 39.83 0 0 0\"><\/polygon><\/svg>\t\t\t<\/div>\n\t\t<\/div>\n\t\t\t\t\t\t<\/div>\n\t\t\t\t<\/div>\n\t\t\t\t<\/div>\n\t\t<div class=\"elementor-element elementor-element-9b8853a e-con-full e-flex e-con e-child\" data-id=\"9b8853a\" data-element_type=\"container\" data-e-type=\"container\">\n\t\t\t\t<div class=\"elementor-element elementor-element-f906989 elementor-widget elementor-widget-heading\" data-id=\"f906989\" data-element_type=\"widget\" data-e-type=\"widget\" data-widget_type=\"heading.default\">\n\t\t\t\t<div class=\"elementor-widget-container\">\n\t\t\t\t\t<h2 class=\"elementor-heading-title elementor-size-default\">Cartuchos para Filtraci\u00f3n de L\u00edquidos <\/h2>\t\t\t\t<\/div>\n\t\t\t\t<\/div>\n\t\t\t\t<div class=\"elementor-element elementor-element-805ed32 elementor-widget elementor-widget-text-editor\" data-id=\"805ed32\" data-element_type=\"widget\" data-e-type=\"widget\" data-widget_type=\"text-editor.default\">\n\t\t\t\t<div class=\"elementor-widget-container\">\n\t\t\t\t\t\t\t\t\t<p>Los cartuchos para filtraci\u00f3n de l\u00edquidos son dispositivos dise\u00f1ados para eliminar part\u00edculas s\u00f3lidas y contaminantes de los fluidos. Est\u00e1n compuestos por un material filtrante, que puede variar seg\u00fan la aplicaci\u00f3n, y se utilizan en sistemas de filtraci\u00f3n.<\/p>\n\t\t\t\t\t\t\t\t<\/div>\n\t\t\t\t<\/div>\n\t\t\t\t<\/div>\n\t\t\t\t\t<\/div>\n\t\t\t\t<\/div>\n\t\t<div class=\"elementor-element elementor-element-5f74bee e-flex e-con-boxed e-con e-parent\" data-id=\"5f74bee\" data-element_type=\"container\" data-e-type=\"container\">\n\t\t\t\t\t<div class=\"e-con-inner\">\n\t\t<div class=\"elementor-element elementor-element-c62d558 e-con-full e-flex e-con e-child\" data-id=\"c62d558\" data-element_type=\"container\" data-e-type=\"container\" data-settings=\"{&quot;background_background&quot;:&quot;classic&quot;}\">\n\t\t<div class=\"elementor-element elementor-element-acabc87 e-con-full e-flex e-con e-child\" data-id=\"acabc87\" data-element_type=\"container\" data-e-type=\"container\">\n\t\t\t\t<div class=\"elementor-element elementor-element-2256130 elementor-widget elementor-widget-image\" data-id=\"2256130\" data-element_type=\"widget\" data-e-type=\"widget\" data-widget_type=\"image.default\">\n\t\t\t\t<div class=\"elementor-widget-container\">\n\t\t\t\t\t\t\t\t\t\t\t\t\t\t\t<img fetchpriority=\"high\" decoding=\"async\" width=\"2228\" height=\"2228\" src=\"https:\/\/www.mgfiltri.it\/wp-content\/uploads\/2025\/03\/009.jpg\" class=\"attachment-large size-large wp-image-592\" alt=\"\" srcset=\"https:\/\/www.mgfiltri.it\/wp-content\/uploads\/2025\/03\/009.jpg 2228w, https:\/\/www.mgfiltri.it\/wp-content\/uploads\/2025\/03\/009-768x768.jpg 768w, https:\/\/www.mgfiltri.it\/wp-content\/uploads\/2025\/03\/009-1536x1536.jpg 1536w, https:\/\/www.mgfiltri.it\/wp-content\/uploads\/2025\/03\/009-2048x2048.jpg 2048w\" sizes=\"(max-width: 2228px) 100vw, 2228px\" \/>\t\t\t\t\t\t\t\t\t\t\t\t\t\t\t<\/div>\n\t\t\t\t<\/div>\n\t\t\t\t<div class=\"elementor-element elementor-element-3674917 elementor-widget elementor-widget-image\" data-id=\"3674917\" data-element_type=\"widget\" data-e-type=\"widget\" data-widget_type=\"image.default\">\n\t\t\t\t<div class=\"elementor-widget-container\">\n\t\t\t\t\t\t\t\t\t\t\t\t\t\t\t<img decoding=\"async\" width=\"1937\" height=\"1937\" src=\"https:\/\/www.mgfiltri.it\/wp-content\/uploads\/2025\/03\/010.jpg\" class=\"attachment-large size-large wp-image-594\" alt=\"\" srcset=\"https:\/\/www.mgfiltri.it\/wp-content\/uploads\/2025\/03\/010.jpg 1937w, https:\/\/www.mgfiltri.it\/wp-content\/uploads\/2025\/03\/010-768x768.jpg 768w, https:\/\/www.mgfiltri.it\/wp-content\/uploads\/2025\/03\/010-1536x1536.jpg 1536w\" sizes=\"(max-width: 1937px) 100vw, 1937px\" \/>\t\t\t\t\t\t\t\t\t\t\t\t\t\t\t<\/div>\n\t\t\t\t<\/div>\n\t\t\t\t<\/div>\n\t\t<div class=\"elementor-element elementor-element-e44907e e-con-full e-flex e-con e-child\" data-id=\"e44907e\" data-element_type=\"container\" data-e-type=\"container\">\n\t\t\t\t<div class=\"elementor-element elementor-element-df6c9e9 elementor-widget elementor-widget-button\" data-id=\"df6c9e9\" data-element_type=\"widget\" data-e-type=\"widget\" data-widget_type=\"button.default\">\n\t\t\t\t<div class=\"elementor-widget-container\">\n\t\t\t\t\t\t\t\t\t<div class=\"elementor-button-wrapper\">\n\t\t\t\t\t<a class=\"elementor-button elementor-button-link elementor-size-sm\" href=\"https:\/\/www.mgfiltri.it\/wp-content\/uploads\/2025\/04\/MGCARTRIDGES.pdf\" target=\"_blank\">\n\t\t\t\t\t\t<span class=\"elementor-button-content-wrapper\">\n\t\t\t\t\t\t\t\t\t<span class=\"elementor-button-text\">Tabla t\u00e9cnica<\/span>\n\t\t\t\t\t<\/span>\n\t\t\t\t\t<\/a>\n\t\t\t\t<\/div>\n\t\t\t\t\t\t\t\t<\/div>\n\t\t\t\t<\/div>\n\t\t\t\t<div class=\"elementor-element elementor-element-cbccb03 elementor-widget elementor-widget-text-editor\" data-id=\"cbccb03\" data-element_type=\"widget\" data-e-type=\"widget\" data-widget_type=\"text-editor.default\">\n\t\t\t\t<div class=\"elementor-widget-container\">\n\t\t\t\t\t\t\t\t\t<p><span style=\"color: #ffffff;\"><strong>Tipos de Acabado<\/strong><\/span><\/p>\n<ul>\n<li>Grado de Filtraci\u00f3n: Los cartuchos pueden tener grados de filtraci\u00f3n que var\u00edan de 0.05 a 100 micrones, dependiendo de los requisitos espec\u00edficos.<\/li>\n<\/ul>\n<p><span style=\"color: #ffffff;\"><strong>Materiales Filtrantes:<\/strong> <\/span><\/p>\n<ul>\n<li><strong>Poliamida\/Nylon <\/strong><\/li>\n<li><strong>Polipropileno <\/strong><\/li>\n<li><strong>PTFE <\/strong><\/li>\n<li><strong>Polietersulfona <\/strong><\/li>\n<li><strong>Fibra de vidrio<\/strong><\/li>\n<\/ul>\n<p><span style=\"color: #ffffff;\"><strong>Prop\u00f3sito<\/strong><\/span><\/p>\n<p>Los cartuchos para filtraci\u00f3n de l\u00edquidos se utilizan para:<\/p>\n<ul>\n<li><strong>Eliminaci\u00f3n de S\u00f3lidos:<\/strong> Eliminar part\u00edculas suspendidas, sedimentos y contaminantes.<\/li>\n<li><strong>Purificaci\u00f3n:<\/strong> Garantizar la calidad y seguridad de los fluidos, especialmente en aplicaciones sensibles.<\/li>\n<li><strong>Protecci\u00f3n de Sistemas:<\/strong> Prevenir da\u00f1os a bombas y otros componentes del sistema de filtraci\u00f3n.<\/li>\n<\/ul>\n<p><span style=\"color: #ffffff;\"><strong>Sectores de Uso<\/strong><\/span><\/p>\n<p>Los cartuchos para filtraci\u00f3n de l\u00edquidos se emplean en varios sectores, incluyendo:<\/p>\n<ul>\n<li><strong>Industria Alimentaria:<\/strong> Filtraci\u00f3n de bebidas y alimentos para garantizar est\u00e1ndares de higiene.<\/li>\n<li><strong>Industria Farmac\u00e9utica:<\/strong> Purificaci\u00f3n de disolventes y sustancias qu\u00edmicas, asegurando el cumplimiento de normativas.<\/li>\n<li><strong>Tratamiento de Aguas:<\/strong> Eliminaci\u00f3n de impurezas de aguas potables y residuales.<\/li>\n<li><strong>Sector Qu\u00edmico:<\/strong> Filtraci\u00f3n de productos qu\u00edmicos, disolventes y \u00e1cidos.<\/li>\n<li><strong>Sector Electr\u00f3nico:<\/strong> Filtraci\u00f3n de l\u00edquidos utilizados en la producci\u00f3n de componentes electr\u00f3nicos.<\/li>\n<\/ul>\n<p>Los cartuchos para filtraci\u00f3n de l\u00edquidos son componentes esenciales en muchos procesos industriales, contribuyendo a garantizar la pureza y calidad de los fluidos tratados.<\/p>\n\t\t\t\t\t\t\t\t<\/div>\n\t\t\t\t<\/div>\n\t\t\t\t<\/div>\n\t\t\t\t<\/div>\n\t\t\t\t\t<\/div>\n\t\t\t\t<\/div>\n\t\t\t\t<\/div>\n\t\t","protected":false},"excerpt":{"rendered":"<p>MGCARTRIDGES Cartuchos para Filtraci\u00f3n de L\u00edquidos Los cartuchos para filtraci\u00f3n de l\u00edquidos son dispositivos dise\u00f1ados para eliminar part\u00edculas s\u00f3lidas y contaminantes de los fluidos. Est\u00e1n compuestos por un material filtrante, que puede variar seg\u00fan la aplicaci\u00f3n, y se utilizan en sistemas de filtraci\u00f3n. Tabla t\u00e9cnica Tipos de Acabado Grado de Filtraci\u00f3n: Los cartuchos pueden tener [&hellip;]<\/p>\n","protected":false},"author":1,"featured_media":0,"parent":0,"menu_order":0,"comment_status":"closed","ping_status":"closed","template":"","meta":{"footnotes":""},"class_list":["post-646","page","type-page","status-publish","hentry"],"_links":{"self":[{"href":"https:\/\/www.mgfiltri.it\/es\/wp-json\/wp\/v2\/pages\/646","targetHints":{"allow":["GET"]}}],"collection":[{"href":"https:\/\/www.mgfiltri.it\/es\/wp-json\/wp\/v2\/pages"}],"about":[{"href":"https:\/\/www.mgfiltri.it\/es\/wp-json\/wp\/v2\/types\/page"}],"author":[{"embeddable":true,"href":"https:\/\/www.mgfiltri.it\/es\/wp-json\/wp\/v2\/users\/1"}],"replies":[{"embeddable":true,"href":"https:\/\/www.mgfiltri.it\/es\/wp-json\/wp\/v2\/comments?post=646"}],"version-history":[{"count":1,"href":"https:\/\/www.mgfiltri.it\/es\/wp-json\/wp\/v2\/pages\/646\/revisions"}],"predecessor-version":[{"id":647,"href":"https:\/\/www.mgfiltri.it\/es\/wp-json\/wp\/v2\/pages\/646\/revisions\/647"}],"wp:attachment":[{"href":"https:\/\/www.mgfiltri.it\/es\/wp-json\/wp\/v2\/media?parent=646"}],"curies":[{"name":"wp","href":"https:\/\/api.w.org\/{rel}","templated":true}]}}